{"id":97,"date":"2020-02-18T09:12:29","date_gmt":"2020-02-18T09:12:29","guid":{"rendered":"http:\/\/new.wimt.at\/?page_id=97"},"modified":"2020-02-18T09:12:29","modified_gmt":"2020-02-18T09:12:29","slug":"datenschutzvereinbarungen","status":"publish","type":"page","link":"https:\/\/www.wimt.at\/?page_id=97","title":{"rendered":"Datenschutzvereinbarungen"},"content":{"rendered":"<h1>Datenschutzerkl\u00e4rung<\/h1>\n<p><p>In dieser Datenschutzerkl\u00e4rung informieren wir Sie \u00fcber die Verarbeitung ihrer personenbezogenen Daten.<\/p>\n<p> Sofern Sie Ihre Datenschutzeinstellungen \u00e4ndern m\u00f6chten (Einwilligungen erteilen oder bereits erteilte Einwilligungen widerrufen), klicken Sie <a href=\"#\" class=\"sp-dsgvo-show-privacy-popup\">hier<\/a> um Ihre Einstellungen zu \u00e4ndern.<\/p>\n<h2>Verantwortlich<\/h2>\n<p>Dr. Helmut Ofner, Dr. Helmut Ofner, Kollburggasse 2, 1160 Wien, \u00d6sterreich, <a href=\"mailto:office@wimt.at\">office@wimt.at<\/a>, <\/p>\n<h2>Hosting Provider<\/h2>\n<h3>easyname<\/h3>\n<h2>Server Log Files<\/h2>\n<p><span><\/p>\n<p>Zum Zweck der \u00dcberwachung der technischen Funktion und zur Erh\u00f6hung der Betriebssicherheit unseres Webhosts werden Verbindungsdaten verarbeitet. Die Dauer der Verarbeitung ist auf 30 Tage beschr\u00e4nkt.<\/p>\n<p>Die Rechtsgrundlage f\u00fcr die Datenverarbeitung ist die unbedingte technische Notwendigkeit eines Server Log Files als grundlegende Datenbasis zur Fehleranalyse und f\u00fcr Sicherheitsma\u00dfnahmen im Rahmen des durch ihren Aufruf ausdr\u00fccklich gew\u00fcnschten Dienstes &#8222;Website&#8220; gem\u00e4\u00df \u00a7 96 Abs. 3 TKG.<\/p>\n<p><\/span><\/p>\n<h2>Kontaktformular<\/h2>\n<p><p>Auf unserer Website besteht die M\u00f6glichkeit, durch ein Kontaktformular direkt mit uns in Kontakt zu treten. Nach Absenden des Kontaktformulars erfolgt eine Verarbeitung der von ihnen eingegebenen personenbezogenen Daten durch den Verantwortlichen zum Zweck der Bearbeitung Ihrer Anfrage auf Grundlage der von ihnen durch das Absenden des Formulars erteilten Einwilligung gem. Art. 6 Abs. 1 lit. a DSGVO bis auf Widerruf.<br \/>Es besteht keine gesetzliche oder vertragliche Verpflichtung zur Bereitstellung der personenbezogenen Daten. Die Nichtbereitstellung hat lediglich zur Folge, dass Sie Ihr Anliegen nicht \u00fcbermitteln und wir dieses nicht bearbeiten k\u00f6nnen.<\/p>\n<\/p>\n<h2>Sicherheitsdienste<\/h2>\n<p><p>Auf dieser Website nutzen wir zur Vermeidung von nicht menschlichen und automatisierten Eingaben das Angebot von Sicherheitsdienstleistern wie Captcha-Diensten.<\/p>\n<\/p>\n<h3>Google reCAPTCHA<\/h3>\n<p><p>Im Fall der Erteilung ihrer Einwilligung verarbeiten wir mit dem Dienst <a href=\"https:\/\/www.google.com\/recaptcha\/intro\/v3.html\">Google reCaptcha<\/a>, Google Ireland Limited, Gordon House, Barrow Street, Dublin 4, Irland als gemeinsame Verantwortliche ihre personenbezogenen Daten zum Zweck der Vermeidung nicht menschlicher und automatisierter Eingaben. Dabei erm\u00f6glichen wir dem Dienst das Setzen von Cookies, die Erhebung von Verbindungsdaten und Daten ihres Webbrowsers. Zudem erm\u00f6glichen wir dem Dienst die Berechnung einer User-ID zur eindeutigen Identifizierung des Users im Rahmen des von Google betriebenen Werbenetzwerkes. Daten werden auf Ihrem Ger\u00e4t f\u00fcr die Dauer von bis zu zwei Jahren gespeichert.<\/p>\n<p>Die Rechtsgrundlage f\u00fcr die Datenverarbeitung ist ihre Einwilligung gem\u00e4\u00df \u00a7 96 Abs. 3 TKG. Die Nichterteilung der Einwilligung hat zur Folge, dass die Nutzung von reCaptcha und damit verbundenen Formularen nicht m\u00f6glich ist.<\/p>\n<p>Eine bereits erteilte Einwilligung k\u00f6nnen Sie widerrufen, indem Sie die <a class=\"lwb-ppsp\" href=\"#\" title=\"Datenschutzeinstellungen\">Datenschutzeinstellungen<\/a> \u00e4ndern.<\/p>\n<\/p>\n<h2>Widerspruchsrecht<\/h2>\n<p><p>Sofern die Verarbeitung Ihrer personenbezogenen Daten auf Grundlage des berechtigten Interesses erfolgt, haben Sie das Recht gegen dieser Verarbeitung zu widersprechen.<\/p>\n<p>Sofern keine zwingenden schutzw\u00fcrdigen Gr\u00fcnde f\u00fcr die Verarbeitung unsererseits vorliegen, wird die Verarbeitung Ihrer Daten auf Basis dieser Rechtsgrundlage eingestellt.<\/p>\n<p>Zudem haben Sie das Recht, der Verarbeitung Ihrer personenbezogenen Daten zum Zweck der Direktwerbung zu widersprechen. Im Fall des Widerspruchs werden Ihre personenbezogenen Daten nicht mehr zum Zweck der Direktwerbung verarbeitet.<\/p>\n<p>Die Rechtm\u00e4\u00dfigkeit der bis zum Widerspruch verarbeiteten Daten wird durch den Widerspruch nicht ber\u00fchrt.<\/p>\n<\/p>\n<h2>Widerrufsrecht<\/h2>\n<p><p>Sie haben das Recht eine bereits erteilte Einwilligung jederzeit zu widerrufen, indem Sie die <a class=\"lwb-ppsp\" href=\"#\" title=\"Datenschutzeinstellungen\">Datenschutzeinstellungen<\/a> \u00e4ndern.<\/p>\n<p>Im Fall der Einwilligung in den Erhalt elektronischer Werbung kann der Widerruf Ihrer Einwilligung durch Klick auf den Abmeldelink erfolgen. In diesem Fall wird eine Verarbeitung, sofern keine andere Rechtsgrundlage besteht, eingestellt.<\/p>\n<p>Die Rechtm\u00e4\u00dfigkeit der bis zum Widerruf verarbeiteten Daten wird durch den Widerruf nicht ber\u00fchrt.<\/p>\n<\/p>\n<h2>Betroffenenrechte<\/h2>\n<p><p>Sie haben zudem das Recht auf Auskunft, Berichtigung, L\u00f6schung und Einschr\u00e4nkung der Verarbeitung der personenbezogenen Daten.<\/p>\n<p>Soweit die Rechtsgrundlage der Verarbeitung Ihrer personenbezogenen Daten in Ihrer Einwilligung oder in einem mit Ihnen abgeschlossenen Vertrag besteht, haben Sie \u00fcberdies das Recht auf Daten\u00fcbertragbarkeit. <\/p>\n<p>Weiters haben Sie das Recht auf Beschwerde bei der Aufsichtsbeh\u00f6rde. N\u00e4here Informationen zu den Aufsichtsbeh\u00f6rden in der Europ\u00e4ischen Union finden Sie <a href=\"https:\/\/ec.europa.eu\/justice\/article-29\/structure\/data-protection-authorities\/index_en.htm\" title=\"Datenschutzbeh\u00f6rden\">hier<\/a>.<\/p><\/p>\n\n","protected":false},"excerpt":{"rendered":"","protected":false},"author":1,"featured_media":0,"parent":0,"menu_order":0,"comment_status":"closed","ping_status":"closed","template":"","meta":{"footnotes":""},"class_list":["post-97","page","type-page","status-publish","hentry"],"_links":{"self":[{"href":"https:\/\/www.wimt.at\/index.php?rest_route=\/wp\/v2\/pages\/97","targetHints":{"allow":["GET"]}}],"collection":[{"href":"https:\/\/www.wimt.at\/index.php?rest_route=\/wp\/v2\/pages"}],"about":[{"href":"https:\/\/www.wimt.at\/index.php?rest_route=\/wp\/v2\/types\/page"}],"author":[{"embeddable":true,"href":"https:\/\/www.wimt.at\/index.php?rest_route=\/wp\/v2\/users\/1"}],"replies":[{"embeddable":true,"href":"https:\/\/www.wimt.at\/index.php?rest_route=%2Fwp%2Fv2%2Fcomments&post=97"}],"version-history":[{"count":0,"href":"https:\/\/www.wimt.at\/index.php?rest_route=\/wp\/v2\/pages\/97\/revisions"}],"wp:attachment":[{"href":"https:\/\/www.wimt.at\/index.php?rest_route=%2Fwp%2Fv2%2Fmedia&parent=97"}],"curies":[{"name":"wp","href":"https:\/\/api.w.org\/{rel}","templated":true}]}}